{"id":2318,"date":"2025-10-23T14:08:18","date_gmt":"2025-10-23T17:08:18","guid":{"rendered":"https:\/\/maravilha.epistemeonline.com\/?page_id=2318"},"modified":"2025-10-23T14:08:32","modified_gmt":"2025-10-23T17:08:32","slug":"inscricao-curso-sobre-o-conselho-municipal-de-educacao-cme","status":"publish","type":"page","link":"https:\/\/maravilha.epistemeonline.com\/?page_id=2318","title":{"rendered":"Inscri\u00e7\u00e3o: Curso sobre o Conselho Municipal de Educa\u00e7\u00e3o &#8211; CME"},"content":{"rendered":"<div class=\"wpforms-container wpforms-container-full wpforms-block wpforms-block-a6e57ecf-1206-4461-b11e-4cbd7dcce77b wpforms-render-modern\" id=\"wpforms-2303\"><form id=\"wpforms-form-2303\" class=\"wpforms-validate wpforms-form wpforms-ajax-form\" data-formid=\"2303\" method=\"post\" enctype=\"multipart\/form-data\" action=\"\/index.php?rest_route=%2Fwp%2Fv2%2Fpages%2F2318\" data-token=\"3d0c8e5479f92eec7323aa0dcbea8b4e\" data-token-time=\"1778464318\"><noscript class=\"wpforms-error-noscript\">Ative o JavaScript no seu navegador para preencher este formul\u00e1rio.<\/noscript><div class=\"wpforms-hidden\" id=\"wpforms-error-noscript\">Ative o JavaScript no seu navegador para preencher este formul\u00e1rio.<\/div><div class=\"wpforms-field-container\"><div id=\"wpforms-2303-field_1-container\" class=\"wpforms-field wpforms-field-name\" data-field-id=\"1\"><label class=\"wpforms-field-label\" for=\"wpforms-2303-field_1\">Nome completo <span class=\"wpforms-required-label\" aria-hidden=\"true\">*<\/span><\/label><input type=\"text\" id=\"wpforms-2303-field_1\" class=\"wpforms-field-medium wpforms-field-required\" name=\"wpforms[fields][1]\" aria-errormessage=\"wpforms-2303-field_1-error\" required><\/div><div id=\"wpforms-2303-field_2-container\" class=\"wpforms-field wpforms-field-text\" data-field-id=\"2\"><label class=\"wpforms-field-label\" for=\"wpforms-2303-field_2\">CPF <span class=\"wpforms-required-label\" aria-hidden=\"true\">*<\/span><\/label><input type=\"text\" id=\"wpforms-2303-field_2\" class=\"wpforms-field-medium wpforms-field-required wpforms-masked-input\" data-rule-inputmask-incomplete=\"1\" data-inputmask-mask=\"999.999.999-99\" name=\"wpforms[fields][2]\" aria-errormessage=\"wpforms-2303-field_2-error\" required><\/div><div id=\"wpforms-2303-field_3-container\" class=\"wpforms-field wpforms-field-text\" data-field-id=\"3\"><label class=\"wpforms-field-label\" for=\"wpforms-2303-field_3\">Segmento <span class=\"wpforms-required-label\" aria-hidden=\"true\">*<\/span><\/label><input type=\"text\" id=\"wpforms-2303-field_3\" class=\"wpforms-field-medium wpforms-field-required\" name=\"wpforms[fields][3]\" aria-errormessage=\"wpforms-2303-field_3-error\" required><\/div><div id=\"wpforms-2303-field_4-container\" class=\"wpforms-field wpforms-field-phone\" data-field-id=\"4\"><label class=\"wpforms-field-label\" for=\"wpforms-2303-field_4\">WhatsApp <span class=\"wpforms-required-label\" aria-hidden=\"true\">*<\/span><\/label><input type=\"tel\" id=\"wpforms-2303-field_4\" class=\"wpforms-field-medium wpforms-field-required wpforms-smart-phone-field\" data-rule-smart-phone-field=\"true\" name=\"wpforms[fields][4]\" aria-label=\"WhatsApp\" aria-errormessage=\"wpforms-2303-field_4-error\" required><\/div><div id=\"wpforms-2303-field_5-container\" class=\"wpforms-field wpforms-field-email\" data-field-id=\"5\"><label class=\"wpforms-field-label\" for=\"wpforms-2303-field_5\">E-mail <span class=\"wpforms-required-label\" aria-hidden=\"true\">*<\/span><\/label><input type=\"email\" id=\"wpforms-2303-field_5\" class=\"wpforms-field-medium wpforms-field-required\" name=\"wpforms[fields][5]\" spellcheck=\"false\" aria-errormessage=\"wpforms-2303-field_5-error\" required><\/div><div id=\"wpforms-2303-field_6-container\" class=\"wpforms-field wpforms-field-radio\" data-field-id=\"6\"><fieldset><legend class=\"wpforms-field-label\">Membro <span class=\"wpforms-required-label\" aria-hidden=\"true\">*<\/span><\/legend><ul id=\"wpforms-2303-field_6\" class=\"wpforms-field-required\"><li class=\"choice-1 depth-1\"><input type=\"radio\" id=\"wpforms-2303-field_6_1\" name=\"wpforms[fields][6]\" value=\"Titular\" aria-errormessage=\"wpforms-2303-field_6_1-error\" required ><label class=\"wpforms-field-label-inline\" for=\"wpforms-2303-field_6_1\">Titular<\/label><\/li><li class=\"choice-2 depth-1\"><input type=\"radio\" id=\"wpforms-2303-field_6_2\" name=\"wpforms[fields][6]\" value=\"Suplente\" aria-errormessage=\"wpforms-2303-field_6_2-error\" required ><label class=\"wpforms-field-label-inline\" for=\"wpforms-2303-field_6_2\">Suplente<\/label><\/li><\/ul><\/fieldset><\/div><div id=\"wpforms-2303-field_7-container\" class=\"wpforms-field wpforms-field-radio\" data-field-id=\"7\"><fieldset><legend class=\"wpforms-field-label\">N\u00edvel de escolaridade <span class=\"wpforms-required-label\" aria-hidden=\"true\">*<\/span><\/legend><ul id=\"wpforms-2303-field_7\" class=\"wpforms-field-required\"><li class=\"choice-1 depth-1\"><input type=\"radio\" id=\"wpforms-2303-field_7_1\" name=\"wpforms[fields][7]\" value=\"Ensino Fundamental\" aria-errormessage=\"wpforms-2303-field_7_1-error\" required ><label class=\"wpforms-field-label-inline\" for=\"wpforms-2303-field_7_1\">Ensino Fundamental<\/label><\/li><li class=\"choice-2 depth-1\"><input type=\"radio\" id=\"wpforms-2303-field_7_2\" name=\"wpforms[fields][7]\" value=\"Ensino M\u00e9dio\" aria-errormessage=\"wpforms-2303-field_7_2-error\" required ><label class=\"wpforms-field-label-inline\" for=\"wpforms-2303-field_7_2\">Ensino M\u00e9dio<\/label><\/li><li class=\"choice-3 depth-1\"><input type=\"radio\" id=\"wpforms-2303-field_7_3\" name=\"wpforms[fields][7]\" value=\"Ensino Superior\" aria-errormessage=\"wpforms-2303-field_7_3-error\" required ><label class=\"wpforms-field-label-inline\" for=\"wpforms-2303-field_7_3\">Ensino Superior<\/label><\/li><li class=\"choice-5 depth-1\"><input type=\"radio\" id=\"wpforms-2303-field_7_5\" name=\"wpforms[fields][7]\" value=\"P\u00f3s-gradua\u00e7\u00e3o\" aria-errormessage=\"wpforms-2303-field_7_5-error\" required ><label class=\"wpforms-field-label-inline\" for=\"wpforms-2303-field_7_5\">P\u00f3s-gradua\u00e7\u00e3o<\/label><\/li><li class=\"choice-4 depth-1\"><input type=\"radio\" id=\"wpforms-2303-field_7_4\" name=\"wpforms[fields][7]\" value=\"Mestrado\" aria-errormessage=\"wpforms-2303-field_7_4-error\" required ><label class=\"wpforms-field-label-inline\" for=\"wpforms-2303-field_7_4\">Mestrado<\/label><\/li><li class=\"choice-6 depth-1\"><input type=\"radio\" id=\"wpforms-2303-field_7_6\" name=\"wpforms[fields][7]\" value=\"Doutorado\" aria-errormessage=\"wpforms-2303-field_7_6-error\" required ><label class=\"wpforms-field-label-inline\" for=\"wpforms-2303-field_7_6\">Doutorado<\/label><\/li><\/ul><\/fieldset><\/div><\/div><!-- .wpforms-field-container --><div class=\"wpforms-submit-container\" ><input type=\"hidden\" name=\"wpforms[id]\" value=\"2303\"><input type=\"hidden\" name=\"page_title\" value=\"\"><input type=\"hidden\" name=\"page_url\" value=\"https:\/\/maravilha.epistemeonline.com\/index.php?rest_route=\/wp\/v2\/pages\/2318\"><button type=\"submit\" name=\"wpforms[submit]\" id=\"wpforms-submit-2303\" class=\"wpforms-submit\" data-alt-text=\"Enviando\u2026\" data-submit-text=\"Fazer Inscri\u00e7\u00e3o\" aria-live=\"assertive\" value=\"wpforms-submit\">Fazer Inscri\u00e7\u00e3o<\/button><img decoding=\"async\" src=\"https:\/\/maravilha.epistemeonline.com\/wp-content\/plugins\/wpforms\/assets\/images\/submit-spin.svg\" class=\"wpforms-submit-spinner\" style=\"display: none;\" width=\"26\" height=\"26\" alt=\"Carregando\"><\/div><\/form><\/div>  <!-- .wpforms-container -->","protected":false},"excerpt":{"rendered":"","protected":false},"author":1,"featured_media":0,"parent":0,"menu_order":0,"comment_status":"closed","ping_status":"closed","template":"","meta":{"footnotes":""},"class_list":["post-2318","page","type-page","status-publish","hentry"],"_links":{"self":[{"href":"https:\/\/maravilha.epistemeonline.com\/index.php?rest_route=\/wp\/v2\/pages\/2318","targetHints":{"allow":["GET"]}}],"collection":[{"href":"https:\/\/maravilha.epistemeonline.com\/index.php?rest_route=\/wp\/v2\/pages"}],"about":[{"href":"https:\/\/maravilha.epistemeonline.com\/index.php?rest_route=\/wp\/v2\/types\/page"}],"author":[{"embeddable":true,"href":"https:\/\/maravilha.epistemeonline.com\/index.php?rest_route=\/wp\/v2\/users\/1"}],"replies":[{"embeddable":true,"href":"https:\/\/maravilha.epistemeonline.com\/index.php?rest_route=%2Fwp%2Fv2%2Fcomments&post=2318"}],"version-history":[{"count":2,"href":"https:\/\/maravilha.epistemeonline.com\/index.php?rest_route=\/wp\/v2\/pages\/2318\/revisions"}],"predecessor-version":[{"id":2320,"href":"https:\/\/maravilha.epistemeonline.com\/index.php?rest_route=\/wp\/v2\/pages\/2318\/revisions\/2320"}],"wp:attachment":[{"href":"https:\/\/maravilha.epistemeonline.com\/index.php?rest_route=%2Fwp%2Fv2%2Fmedia&parent=2318"}],"curies":[{"name":"wp","href":"https:\/\/api.w.org\/{rel}","templated":true}]}}